{"id":10399,"date":"2026-04-29T14:09:06","date_gmt":"2026-04-29T14:09:06","guid":{"rendered":"https:\/\/www.gomystery.dk\/?post_type=product&#038;p=10399"},"modified":"2026-05-14T05:13:07","modified_gmt":"2026-05-14T05:13:07","slug":"moerkets-stemme","status":"publish","type":"product","link":"https:\/\/www.gomystery.dk\/en\/vare\/moerkets-stemme\/","title":{"rendered":"M\u00f8rkets Stemme (Nakskov)"},"content":{"rendered":"\t\t<div data-elementor-type=\"product-post\" data-elementor-id=\"10399\" class=\"elementor elementor-10399\" data-elementor-post-type=\"product\">\n\t\t\t\t\t\t<section class=\"elementor-section elementor-top-section elementor-element elementor-element-56b6267 elementor-section-boxed elementor-section-height-default elementor-section-height-default\" data-id=\"56b6267\" data-element_type=\"section\" data-e-type=\"section\">\n\t\t\t\t\t\t<div class=\"elementor-container elementor-column-gap-default\">\n\t\t\t\t\t<div class=\"elementor-column elementor-col-100 elementor-top-column elementor-element elementor-element-dfdf751\" data-id=\"dfdf751\" data-element_type=\"column\" data-e-type=\"column\">\n\t\t\t<div class=\"elementor-widget-wrap elementor-element-populated\">\n\t\t\t\t\t\t<div class=\"elementor-element elementor-element-2ec7eef elementor-widget elementor-widget-text-editor\" data-id=\"2ec7eef\" data-element_type=\"widget\" data-e-type=\"widget\" data-widget_type=\"text-editor.default\">\n\t\t\t\t<div class=\"elementor-widget-container\">\n\t\t\t\t\t\t\t\t\t<p>\u201dM\u00f8rkets Stemme\u201d er titlen p\u00e5 Go Mystery\u2019s tur i Nakskov p\u00e5 Lolland.<\/p><p>GoMystery er en slags Escape Room i det fri, bare uden tidsgr\u00e6nse. Eller en skattejagt for voksne.<\/p><p>Oplev Nakskov p\u00e5 en helt ny m\u00e5de med en sp\u00e6ndende mysterietur med fokus p\u00e5 udfordrende opgaver, lokalhistorie og samarbejde. Den selvguidede byrundtur sender jer ud i den gamle k\u00f8bstads gader, hvor I skal f\u00f8lge sporene og opklare et mystisk mord.<\/p><p>Undervejs kommer I forbi nogle af Nakskovs kendte omr\u00e5der som Nakskov Kirke, stationen, Dronningens Pakhus og Det Gamle Apotek \u2013 men I vil ogs\u00e5 blive f\u00f8rt forbi skjulte steder og se detaljer i omgivelserne, I normalt ikke ville l\u00e6gge m\u00e6rke til.<\/p><p>N\u00e5r I har betalt jeres tur online, modtager I en kvittering, som I medbringer til afhentningsstedet:<\/p><p><a href=\"https:\/\/www.frisoernakskov.dk\/\">Damernes og Herrernes Fris\u00f8r<\/a>, S\u00f8ndergade 1, 4900 Nakskov (inden for \u00e5bningstid).<\/p><p><strong>OBS: Fris\u00f8ren holder lukket i uge 31,<\/strong> s\u00e5 husk at afhente jeres mysterie-\u00e6ske inden, hvis I planl\u00e6gger at spille i denne periode.<\/p><p>GoMystery skal v\u00e6re afhentet senest 3 m\u00e5neder efter k\u00f8b.<\/p><p>I f\u00e5r udleveret en \u00e6ske med alt, I skal bruge.\u00a0<\/p><p><i><em>Hvert s\u00e6t er egnet til 2-5 personer, turen ca. 2,5-3 km. (+omveje) og tager ca. 2-3 timer (ekskl. pauser).<\/em><\/i><\/p>\t\t\t\t\t\t\t\t<\/div>\n\t\t\t\t<\/div>\n\t\t\t\t\t<\/div>\n\t\t<\/div>\n\t\t\t\t\t<\/div>\n\t\t<\/section>\n\t\t\t\t<\/div>\n\t\t","protected":false},"excerpt":{"rendered":"<p>\u201dM\u00f8rkets Stemme\u201d er titlen p\u00e5 Go Mystery\u2019s tur i Nakskov.<\/p>\n","protected":false},"featured_media":10537,"template":"","meta":{"ocean_post_layout":"","ocean_both_sidebars_style":"","ocean_both_sidebars_content_width":0,"ocean_both_sidebars_sidebars_width":0,"ocean_sidebar":"0","ocean_second_sidebar":"0","ocean_disable_margins":"enable","ocean_add_body_class":"","ocean_shortcode_before_top_bar":"","ocean_shortcode_after_top_bar":"","ocean_shortcode_before_header":"","ocean_shortcode_after_header":"","ocean_has_shortcode":"","ocean_shortcode_after_title":"","ocean_shortcode_before_footer_widgets":"","ocean_shortcode_after_footer_widgets":"","ocean_shortcode_before_footer_bottom":"","ocean_shortcode_after_footer_bottom":"","ocean_display_top_bar":"off","ocean_display_header":"on","ocean_header_style":"","ocean_center_header_left_menu":"0","ocean_custom_header_template":"0","ocean_custom_logo":0,"ocean_custom_retina_logo":0,"ocean_custom_logo_max_width":0,"ocean_custom_logo_tablet_max_width":0,"ocean_custom_logo_mobile_max_width":0,"ocean_custom_logo_max_height":0,"ocean_custom_logo_tablet_max_height":0,"ocean_custom_logo_mobile_max_height":0,"ocean_header_custom_menu":"0","ocean_menu_typo_font_family":"0","ocean_menu_typo_font_subset":"","ocean_menu_typo_font_size":0,"ocean_menu_typo_font_size_tablet":0,"ocean_menu_typo_font_size_mobile":0,"ocean_menu_typo_font_size_unit":"px","ocean_menu_typo_font_weight":"","ocean_menu_typo_font_weight_tablet":"","ocean_menu_typo_font_weight_mobile":"","ocean_menu_typo_transform":"","ocean_menu_typo_transform_tablet":"","ocean_menu_typo_transform_mobile":"","ocean_menu_typo_line_height":0,"ocean_menu_typo_line_height_tablet":0,"ocean_menu_typo_line_height_mobile":0,"ocean_menu_typo_line_height_unit":"","ocean_menu_typo_spacing":0,"ocean_menu_typo_spacing_tablet":0,"ocean_menu_typo_spacing_mobile":0,"ocean_menu_typo_spacing_unit":"","ocean_menu_link_color":"","ocean_menu_link_color_hover":"","ocean_menu_link_color_active":"","ocean_menu_link_background":"","ocean_menu_link_hover_background":"","ocean_menu_link_active_background":"","ocean_menu_social_links_bg":"","ocean_menu_social_hover_links_bg":"","ocean_menu_social_links_color":"","ocean_menu_social_hover_links_color":"","ocean_disable_title":"on","ocean_disable_heading":"default","ocean_post_title":"","ocean_post_subheading":"","ocean_post_title_style":"","ocean_post_title_background_color":"","ocean_post_title_background":0,"ocean_post_title_bg_image_position":"","ocean_post_title_bg_image_attachment":"","ocean_post_title_bg_image_repeat":"","ocean_post_title_bg_image_size":"","ocean_post_title_height":0,"ocean_post_title_bg_overlay":0.5,"ocean_post_title_bg_overlay_color":"","ocean_disable_breadcrumbs":"default","ocean_breadcrumbs_color":"","ocean_breadcrumbs_separator_color":"","ocean_breadcrumbs_links_color":"","ocean_breadcrumbs_links_hover_color":"","ocean_display_footer_widgets":"default","ocean_display_footer_bottom":"default","ocean_custom_footer_template":"0"},"product_brand":[],"product_cat":[86],"product_tag":[24,87],"class_list":{"0":"post-10399","1":"product","2":"type-product","3":"status-publish","4":"has-post-thumbnail","6":"product_cat-nakskov","7":"product_tag-gomystery","8":"product_tag-nakskov","10":"entry","11":"has-media","13":"first","14":"instock","15":"taxable","16":"shipping-taxable","17":"purchasable","18":"product-type-variable","19":"has-product-nav","20":"col","21":"span_1_of_4","22":"owp-content-center","23":"owp-thumbs-layout-horizontal","24":"owp-btn-very-big","25":"owp-tabs-layout-vertical"},"yoast_head":"<!-- This site is optimized with the Yoast SEO plugin v27.5 - https:\/\/yoast.com\/product\/yoast-seo-wordpress\/ -->\n<title>M\u00f8rkets Stemme (Nakskov) - Go Mystery<\/title>\n<meta name=\"description\" content=\"\u201dM\u00f8rkets Stemme\u201d er titlen p\u00e5 Go Mystery\u2019s tur i Nakskov - et slags Escape Room i det fri | Sjov Mysterietur &amp; Oplevelse p\u00e5 Lolland\" \/>\n<meta name=\"robots\" content=\"index, follow, max-snippet:-1, max-image-preview:large, max-video-preview:-1\" \/>\n<link rel=\"canonical\" href=\"https:\/\/www.gomystery.dk\/en\/vare\/moerkets-stemme\/\" \/>\n<meta property=\"og:locale\" content=\"en_US\" \/>\n<meta property=\"og:type\" content=\"article\" \/>\n<meta property=\"og:title\" content=\"M\u00f8rkets Stemme (Nakskov) - Go Mystery\" \/>\n<meta property=\"og:description\" content=\"\u201dM\u00f8rkets Stemme\u201d er titlen p\u00e5 Go Mystery\u2019s tur i Nakskov - et slags Escape Room i det fri | Sjov Mysterietur &amp; Oplevelse p\u00e5 Lolland\" \/>\n<meta property=\"og:url\" content=\"https:\/\/www.gomystery.dk\/en\/vare\/moerkets-stemme\/\" \/>\n<meta property=\"og:site_name\" content=\"Go Mystery\" \/>\n<meta property=\"article:modified_time\" content=\"2026-05-14T05:13:07+00:00\" \/>\n<meta property=\"og:image\" content=\"https:\/\/www.gomystery.dk\/wp-content\/uploads\/2026\/04\/GoMystery-Nakskov-6-web-3.jpg\" \/>\n\t<meta property=\"og:image:width\" content=\"1000\" \/>\n\t<meta property=\"og:image:height\" content=\"667\" \/>\n\t<meta property=\"og:image:type\" content=\"image\/jpeg\" \/>\n<meta name=\"twitter:card\" content=\"summary_large_image\" \/>\n<meta name=\"twitter:label1\" content=\"Est. reading time\" \/>\n\t<meta name=\"twitter:data1\" content=\"2 minutes\" \/>\n<script type=\"application\/ld+json\" class=\"yoast-schema-graph\">{\"@context\":\"https:\\\/\\\/schema.org\",\"@graph\":[{\"@type\":\"WebPage\",\"@id\":\"https:\\\/\\\/www.gomystery.dk\\\/en\\\/vare\\\/moerkets-stemme\\\/\",\"url\":\"https:\\\/\\\/www.gomystery.dk\\\/en\\\/vare\\\/moerkets-stemme\\\/\",\"name\":\"M\u00f8rkets Stemme (Nakskov) - Go Mystery\",\"isPartOf\":{\"@id\":\"https:\\\/\\\/www.gomystery.dk\\\/en\\\/#website\"},\"primaryImageOfPage\":{\"@id\":\"https:\\\/\\\/www.gomystery.dk\\\/en\\\/vare\\\/moerkets-stemme\\\/#primaryimage\"},\"image\":{\"@id\":\"https:\\\/\\\/www.gomystery.dk\\\/en\\\/vare\\\/moerkets-stemme\\\/#primaryimage\"},\"thumbnailUrl\":\"https:\\\/\\\/www.gomystery.dk\\\/wp-content\\\/uploads\\\/2026\\\/04\\\/GoMystery-Nakskov-6-web-3.jpg\",\"datePublished\":\"2026-04-29T14:09:06+00:00\",\"dateModified\":\"2026-05-14T05:13:07+00:00\",\"description\":\"\u201dM\u00f8rkets Stemme\u201d er titlen p\u00e5 Go Mystery\u2019s tur i Nakskov - et slags Escape Room i det fri | Sjov Mysterietur & Oplevelse p\u00e5 Lolland\",\"breadcrumb\":{\"@id\":\"https:\\\/\\\/www.gomystery.dk\\\/en\\\/vare\\\/moerkets-stemme\\\/#breadcrumb\"},\"inLanguage\":\"en-US\",\"potentialAction\":[{\"@type\":\"ReadAction\",\"target\":[\"https:\\\/\\\/www.gomystery.dk\\\/en\\\/vare\\\/moerkets-stemme\\\/\"]}]},{\"@type\":\"ImageObject\",\"inLanguage\":\"en-US\",\"@id\":\"https:\\\/\\\/www.gomystery.dk\\\/en\\\/vare\\\/moerkets-stemme\\\/#primaryimage\",\"url\":\"https:\\\/\\\/www.gomystery.dk\\\/wp-content\\\/uploads\\\/2026\\\/04\\\/GoMystery-Nakskov-6-web-3.jpg\",\"contentUrl\":\"https:\\\/\\\/www.gomystery.dk\\\/wp-content\\\/uploads\\\/2026\\\/04\\\/GoMystery-Nakskov-6-web-3.jpg\",\"width\":1000,\"height\":667},{\"@type\":\"BreadcrumbList\",\"@id\":\"https:\\\/\\\/www.gomystery.dk\\\/en\\\/vare\\\/moerkets-stemme\\\/#breadcrumb\",\"itemListElement\":[{\"@type\":\"ListItem\",\"position\":1,\"name\":\"Hjem\",\"item\":\"https:\\\/\\\/www.gomystery.dk\\\/en\\\/\"},{\"@type\":\"ListItem\",\"position\":2,\"name\":\"Shop\",\"item\":\"https:\\\/\\\/www.gomystery.dk\\\/en\\\/shop-2\\\/\"},{\"@type\":\"ListItem\",\"position\":3,\"name\":\"M\u00f8rkets Stemme (Nakskov)\"}]},{\"@type\":\"WebSite\",\"@id\":\"https:\\\/\\\/www.gomystery.dk\\\/en\\\/#website\",\"url\":\"https:\\\/\\\/www.gomystery.dk\\\/en\\\/\",\"name\":\"Go Mystery\",\"description\":\"Go Mystery\",\"publisher\":{\"@id\":\"https:\\\/\\\/www.gomystery.dk\\\/en\\\/#organization\"},\"potentialAction\":[{\"@type\":\"SearchAction\",\"target\":{\"@type\":\"EntryPoint\",\"urlTemplate\":\"https:\\\/\\\/www.gomystery.dk\\\/en\\\/?s={search_term_string}\"},\"query-input\":{\"@type\":\"PropertyValueSpecification\",\"valueRequired\":true,\"valueName\":\"search_term_string\"}}],\"inLanguage\":\"en-US\"},{\"@type\":\"Organization\",\"@id\":\"https:\\\/\\\/www.gomystery.dk\\\/en\\\/#organization\",\"name\":\"Go Mystery\",\"url\":\"https:\\\/\\\/www.gomystery.dk\\\/en\\\/\",\"logo\":{\"@type\":\"ImageObject\",\"inLanguage\":\"en-US\",\"@id\":\"https:\\\/\\\/www.gomystery.dk\\\/en\\\/#\\\/schema\\\/logo\\\/image\\\/\",\"url\":\"https:\\\/\\\/www.gomystery.dk\\\/wp-content\\\/uploads\\\/2025\\\/03\\\/Go-Mystery-Logo-HVID-kopier.png\",\"contentUrl\":\"https:\\\/\\\/www.gomystery.dk\\\/wp-content\\\/uploads\\\/2025\\\/03\\\/Go-Mystery-Logo-HVID-kopier.png\",\"width\":3447,\"height\":1397,\"caption\":\"Go Mystery\"},\"image\":{\"@id\":\"https:\\\/\\\/www.gomystery.dk\\\/en\\\/#\\\/schema\\\/logo\\\/image\\\/\"}}]}<\/script>\n<!-- \/ Yoast SEO plugin. -->","yoast_head_json":{"title":"M\u00f8rkets Stemme (Nakskov) - Go Mystery","description":"\u201dM\u00f8rkets Stemme\u201d er titlen p\u00e5 Go Mystery\u2019s tur i Nakskov - et slags Escape Room i det fri | Sjov Mysterietur & Oplevelse p\u00e5 Lolland","robots":{"index":"index","follow":"follow","max-snippet":"max-snippet:-1","max-image-preview":"max-image-preview:large","max-video-preview":"max-video-preview:-1"},"canonical":"https:\/\/www.gomystery.dk\/en\/vare\/moerkets-stemme\/","og_locale":"en_US","og_type":"article","og_title":"M\u00f8rkets Stemme (Nakskov) - Go Mystery","og_description":"\u201dM\u00f8rkets Stemme\u201d er titlen p\u00e5 Go Mystery\u2019s tur i Nakskov - et slags Escape Room i det fri | Sjov Mysterietur & Oplevelse p\u00e5 Lolland","og_url":"https:\/\/www.gomystery.dk\/en\/vare\/moerkets-stemme\/","og_site_name":"Go Mystery","article_modified_time":"2026-05-14T05:13:07+00:00","og_image":[{"width":1000,"height":667,"url":"https:\/\/www.gomystery.dk\/wp-content\/uploads\/2026\/04\/GoMystery-Nakskov-6-web-3.jpg","type":"image\/jpeg"}],"twitter_card":"summary_large_image","twitter_misc":{"Est. reading time":"2 minutes"},"schema":{"@context":"https:\/\/schema.org","@graph":[{"@type":"WebPage","@id":"https:\/\/www.gomystery.dk\/en\/vare\/moerkets-stemme\/","url":"https:\/\/www.gomystery.dk\/en\/vare\/moerkets-stemme\/","name":"M\u00f8rkets Stemme (Nakskov) - Go Mystery","isPartOf":{"@id":"https:\/\/www.gomystery.dk\/en\/#website"},"primaryImageOfPage":{"@id":"https:\/\/www.gomystery.dk\/en\/vare\/moerkets-stemme\/#primaryimage"},"image":{"@id":"https:\/\/www.gomystery.dk\/en\/vare\/moerkets-stemme\/#primaryimage"},"thumbnailUrl":"https:\/\/www.gomystery.dk\/wp-content\/uploads\/2026\/04\/GoMystery-Nakskov-6-web-3.jpg","datePublished":"2026-04-29T14:09:06+00:00","dateModified":"2026-05-14T05:13:07+00:00","description":"\u201dM\u00f8rkets Stemme\u201d er titlen p\u00e5 Go Mystery\u2019s tur i Nakskov - et slags Escape Room i det fri | Sjov Mysterietur & Oplevelse p\u00e5 Lolland","breadcrumb":{"@id":"https:\/\/www.gomystery.dk\/en\/vare\/moerkets-stemme\/#breadcrumb"},"inLanguage":"en-US","potentialAction":[{"@type":"ReadAction","target":["https:\/\/www.gomystery.dk\/en\/vare\/moerkets-stemme\/"]}]},{"@type":"ImageObject","inLanguage":"en-US","@id":"https:\/\/www.gomystery.dk\/en\/vare\/moerkets-stemme\/#primaryimage","url":"https:\/\/www.gomystery.dk\/wp-content\/uploads\/2026\/04\/GoMystery-Nakskov-6-web-3.jpg","contentUrl":"https:\/\/www.gomystery.dk\/wp-content\/uploads\/2026\/04\/GoMystery-Nakskov-6-web-3.jpg","width":1000,"height":667},{"@type":"BreadcrumbList","@id":"https:\/\/www.gomystery.dk\/en\/vare\/moerkets-stemme\/#breadcrumb","itemListElement":[{"@type":"ListItem","position":1,"name":"Hjem","item":"https:\/\/www.gomystery.dk\/en\/"},{"@type":"ListItem","position":2,"name":"Shop","item":"https:\/\/www.gomystery.dk\/en\/shop-2\/"},{"@type":"ListItem","position":3,"name":"M\u00f8rkets Stemme (Nakskov)"}]},{"@type":"WebSite","@id":"https:\/\/www.gomystery.dk\/en\/#website","url":"https:\/\/www.gomystery.dk\/en\/","name":"Go Mystery","description":"Go Mystery","publisher":{"@id":"https:\/\/www.gomystery.dk\/en\/#organization"},"potentialAction":[{"@type":"SearchAction","target":{"@type":"EntryPoint","urlTemplate":"https:\/\/www.gomystery.dk\/en\/?s={search_term_string}"},"query-input":{"@type":"PropertyValueSpecification","valueRequired":true,"valueName":"search_term_string"}}],"inLanguage":"en-US"},{"@type":"Organization","@id":"https:\/\/www.gomystery.dk\/en\/#organization","name":"Go Mystery","url":"https:\/\/www.gomystery.dk\/en\/","logo":{"@type":"ImageObject","inLanguage":"en-US","@id":"https:\/\/www.gomystery.dk\/en\/#\/schema\/logo\/image\/","url":"https:\/\/www.gomystery.dk\/wp-content\/uploads\/2025\/03\/Go-Mystery-Logo-HVID-kopier.png","contentUrl":"https:\/\/www.gomystery.dk\/wp-content\/uploads\/2025\/03\/Go-Mystery-Logo-HVID-kopier.png","width":3447,"height":1397,"caption":"Go Mystery"},"image":{"@id":"https:\/\/www.gomystery.dk\/en\/#\/schema\/logo\/image\/"}}]}},"_links":{"self":[{"href":"https:\/\/www.gomystery.dk\/en\/wp-json\/wp\/v2\/product\/10399","targetHints":{"allow":["GET"]}}],"collection":[{"href":"https:\/\/www.gomystery.dk\/en\/wp-json\/wp\/v2\/product"}],"about":[{"href":"https:\/\/www.gomystery.dk\/en\/wp-json\/wp\/v2\/types\/product"}],"version-history":[{"count":10,"href":"https:\/\/www.gomystery.dk\/en\/wp-json\/wp\/v2\/product\/10399\/revisions"}],"predecessor-version":[{"id":10545,"href":"https:\/\/www.gomystery.dk\/en\/wp-json\/wp\/v2\/product\/10399\/revisions\/10545"}],"wp:featuredmedia":[{"embeddable":true,"href":"https:\/\/www.gomystery.dk\/en\/wp-json\/wp\/v2\/media\/10537"}],"wp:attachment":[{"href":"https:\/\/www.gomystery.dk\/en\/wp-json\/wp\/v2\/media?parent=10399"}],"wp:term":[{"taxonomy":"product_brand","embeddable":true,"href":"https:\/\/www.gomystery.dk\/en\/wp-json\/wp\/v2\/product_brand?post=10399"},{"taxonomy":"product_cat","embeddable":true,"href":"https:\/\/www.gomystery.dk\/en\/wp-json\/wp\/v2\/product_cat?post=10399"},{"taxonomy":"product_tag","embeddable":true,"href":"https:\/\/www.gomystery.dk\/en\/wp-json\/wp\/v2\/product_tag?post=10399"}],"curies":[{"name":"wp","href":"https:\/\/api.w.org\/{rel}","templated":true}]}}